{"id":3097,"date":"2022-03-10T14:19:32","date_gmt":"2022-03-10T14:19:32","guid":{"rendered":"https:\/\/kinema.eu\/demoleht\/"},"modified":"2024-10-08T09:37:32","modified_gmt":"2024-10-08T09:37:32","slug":"demoleht","status":"publish","type":"page","link":"https:\/\/kinema.eu\/ru\/","title":{"rendered":"\u0414\u043e\u043c\u0430\u0448\u043d\u044f\u044f \u0441\u0442\u0440\u0430\u043d\u0438\u0446\u0430"},"content":{"rendered":"\n<p>See on n\u00e4idisleht. Postitustelehest erineb see sellepoolest, et seisab paigal ja seda n\u00e4idatakse lehe peamen\u00fc\u00fcs (enamiku teemade korral). Enamik inimesi alustab tutvustuslehega, n\u00e4iteks nii:<\/p>\n\n\n\n<blockquote class=\"wp-block-quote is-layout-flow wp-block-quote-is-layout-flow\"><p>Ahoi! Ma olen p\u00e4eval jalgrattakuller ja \u00f5htuti algaja n\u00e4itleja, see on minu veebileht. Ma elan Los Angelesis, mul on vahva koer nimega Jack ning ma armastan pi&#241;a coladat. (Ja vihma k\u00e4tte j\u00e4\u00e4mist ka.)<\/p><\/blockquote>\n\n\n\n<p>&#8230; v\u00f5i siis midagi sellist:<\/p>\n\n\n\n<blockquote class=\"wp-block-quote is-layout-flow wp-block-quote-is-layout-flow\"><p>Tilulilufirma XYZ asutati 1971. aastal ning on sealt alates tootnud rahvale kvaliteetset tilulilu. XYZ asub Gothami linnas, annab t\u00f6\u00f6d \u00fcle 2000 inimesele ja teeb Gothami elanikele igasuguseid muid \u00e4gedaid asju.<\/p><\/blockquote>\n\n\n\n<p>Uue WordPressi kasutajana peaksid minema <a href=\"https:\/\/kinema.eu\/wp-admin\/\">enda t\u00f6\u00f6lauale<\/a>, kustutama selle lehe ja looma omaenese veebisisu. J\u00f5udu!<\/p>\n","protected":false},"excerpt":{"rendered":"<p>See on n\u00e4idisleht. Postitustelehest erineb see sellepoolest, et seisab paigal ja seda n\u00e4idatakse lehe peamen\u00fc\u00fcs (enamiku\u2026<\/p>\n","protected":false},"author":1,"featured_media":0,"parent":0,"menu_order":38,"comment_status":"closed","ping_status":"closed","template":"","meta":{"_acf_changed":false,"om_disable_all_campaigns":false,"footnotes":""},"class_list":["post-3097","page","type-page","status-publish","hentry"],"acf":[],"_links":{"self":[{"href":"https:\/\/kinema.eu\/ru\/wp-json\/wp\/v2\/pages\/3097","targetHints":{"allow":["GET"]}}],"collection":[{"href":"https:\/\/kinema.eu\/ru\/wp-json\/wp\/v2\/pages"}],"about":[{"href":"https:\/\/kinema.eu\/ru\/wp-json\/wp\/v2\/types\/page"}],"author":[{"embeddable":true,"href":"https:\/\/kinema.eu\/ru\/wp-json\/wp\/v2\/users\/1"}],"replies":[{"embeddable":true,"href":"https:\/\/kinema.eu\/ru\/wp-json\/wp\/v2\/comments?post=3097"}],"version-history":[{"count":24,"href":"https:\/\/kinema.eu\/ru\/wp-json\/wp\/v2\/pages\/3097\/revisions"}],"predecessor-version":[{"id":7502,"href":"https:\/\/kinema.eu\/ru\/wp-json\/wp\/v2\/pages\/3097\/revisions\/7502"}],"wp:attachment":[{"href":"https:\/\/kinema.eu\/ru\/wp-json\/wp\/v2\/media?parent=3097"}],"curies":[{"name":"wp","href":"https:\/\/api.w.org\/{rel}","templated":true}]}}